{"id":80,"date":"2024-07-18T18:54:33","date_gmt":"2024-07-18T16:54:33","guid":{"rendered":"https:\/\/brant.academy\/?page_id=80"},"modified":"2025-04-02T16:23:45","modified_gmt":"2025-04-02T14:23:45","slug":"ouvrages","status":"publish","type":"page","link":"https:\/\/brant.academy\/index.php\/ouvrages\/","title":{"rendered":"Ouvrages"},"content":{"rendered":"\n<figure class=\"wp-block-embed is-type-rich is-provider-amazon wp-block-embed-amazon\">\n<iframe loading=\"lazy\" title=\"La Nef Des Fous: Tome 1 : Po\u00e8mes 1 \u00e0 38 : pour la cr\u00e9ation du Minist\u00e8re de la Protection de l&#039;Enfance\" type=\"text\/html\" width=\"500\" height=\"550\" frameborder=\"0\" allowfullscreen style=\"max-width:100%\" src=\"https:\/\/lire.amazon.fr\/kp\/card?preview=inline&#038;linkCode=df0&#038;ref_=k4w_oembed_L2lYFN2vT1ixMN&#038;asin=B0DN5Z8RLK&#038;tag=googshopfr-21\"><\/iframe>\n<\/figure>\n\n\n\n<figure class=\"wp-block-embed is-type-rich is-provider-amazon wp-block-embed-amazon\">\n<iframe loading=\"lazy\" title=\"Za Charia: Programme politique un peu fou d&#039;un ing\u00e9nieur chr\u00e9tien coraniste la\u00efc inquiet pour l\u2019avenir de ses enfants (Brant Academy)\" type=\"text\/html\" width=\"500\" height=\"550\" frameborder=\"0\" allowfullscreen style=\"max-width:100%\" src=\"https:\/\/lire.amazon.fr\/kp\/card?preview=inline&#038;linkCode=kpd&#038;ref_=k4w_oembed_UctnnK9XoweSo3&#038;asin=B0D94GJ5ZN&#038;tag=kpembed-20\"><\/iframe>\n<\/figure>\n\n\n\n<figure class=\"wp-block-embed is-type-rich is-provider-amazon wp-block-embed-amazon\">\n<iframe loading=\"lazy\" title=\"Anita Satan: Tortures et manipulations familiales et judiciaires d\u2019une perverse narcissique mythomane en fuite. O\u00f9 sont mes deux enfants ? La France est-elle complice ? (Brant Academy)\" type=\"text\/html\" width=\"500\" height=\"550\" frameborder=\"0\" allowfullscreen style=\"max-width:100%\" src=\"https:\/\/lire.amazon.fr\/kp\/card?preview=inline&#038;linkCode=kpd&#038;ref_=k4w_oembed_b0UOBMcZOZhXwf&#038;asin=B0D9KVMLTL&#038;tag=kpembed-20\"><\/iframe>\n<\/figure>\n\n\n\n<figure class=\"wp-block-embed is-type-rich is-provider-amazon wp-block-embed-amazon\">\n<iframe loading=\"lazy\" title=\"Chronique d&#039;un kidnapping annonc\u00e9: La Barbe a\u0300 papa de l&#039;AZEU (Brant Academy)\" type=\"text\/html\" width=\"500\" height=\"550\" frameborder=\"0\" allowfullscreen style=\"max-width:100%\" src=\"https:\/\/lire.amazon.fr\/kp\/card?preview=inline&#038;linkCode=kpd&#038;ref_=k4w_oembed_SyQBa9Ck9qdjcr&#038;asin=B0D186ZTGG&#038;tag=kpembed-20\"><\/iframe>\n<\/figure>\n","protected":false},"excerpt":{"rendered":"","protected":false},"author":1,"featured_media":0,"parent":0,"menu_order":0,"comment_status":"closed","ping_status":"closed","template":"","meta":{"site-sidebar-layout":"default","site-content-layout":"","ast-site-content-layout":"","site-content-style":"default","site-sidebar-style":"default","ast-global-header-display":"","ast-banner-title-visibility":"","ast-main-header-display":"","ast-hfb-above-header-display":"","ast-hfb-below-header-display":"","ast-hfb-mobile-header-display":"","site-post-title":"","ast-breadcrumbs-content":"","ast-featured-img":"","footer-sml-layout":"","theme-transparent-header-meta":"","adv-header-id-meta":"","stick-header-meta":"","header-above-stick-meta":"","header-main-stick-meta":"","header-below-stick-meta":"","astra-migrate-meta-layouts":"default","ast-page-background-enabled":"default","ast-page-background-meta":{"desktop":{"background-color":"var(--ast-global-color-4)","background-image":"","background-repeat":"repeat","background-position":"center center","background-size":"auto","background-attachment":"scroll","background-type":"","background-media":"","overlay-type":"","overlay-color":"","overlay-opacity":"","overlay-gradient":""},"tablet":{"background-color":"","background-image":"","background-repeat":"repeat","background-position":"center center","background-size":"auto","background-attachment":"scroll","background-type":"","background-media":"","overlay-type":"","overlay-color":"","overlay-opacity":"","overlay-gradient":""},"mobile":{"background-color":"","background-image":"","background-repeat":"repeat","background-position":"center center","background-size":"auto","background-attachment":"scroll","background-type":"","background-media":"","overlay-type":"","overlay-color":"","overlay-opacity":"","overlay-gradient":""}},"ast-content-background-meta":{"desktop":{"background-color":"var(--ast-global-color-5)","background-image":"","background-repeat":"repeat","background-position":"center center","background-size":"auto","background-attachment":"scroll","background-type":"","background-media":"","overlay-type":"","overlay-color":"","overlay-opacity":"","overlay-gradient":""},"tablet":{"background-color":"var(--ast-global-color-5)","background-image":"","background-repeat":"repeat","background-position":"center center","background-size":"auto","background-attachment":"scroll","background-type":"","background-media":"","overlay-type":"","overlay-color":"","overlay-opacity":"","overlay-gradient":""},"mobile":{"background-color":"var(--ast-global-color-5)","background-image":"","background-repeat":"repeat","background-position":"center center","background-size":"auto","background-attachment":"scroll","background-type":"","background-media":"","overlay-type":"","overlay-color":"","overlay-opacity":"","overlay-gradient":""}},"footnotes":""},"class_list":["post-80","page","type-page","status-publish","hentry"],"_links":{"self":[{"href":"https:\/\/brant.academy\/index.php\/wp-json\/wp\/v2\/pages\/80"}],"collection":[{"href":"https:\/\/brant.academy\/index.php\/wp-json\/wp\/v2\/pages"}],"about":[{"href":"https:\/\/brant.academy\/index.php\/wp-json\/wp\/v2\/types\/page"}],"author":[{"embeddable":true,"href":"https:\/\/brant.academy\/index.php\/wp-json\/wp\/v2\/users\/1"}],"replies":[{"embeddable":true,"href":"https:\/\/brant.academy\/index.php\/wp-json\/wp\/v2\/comments?post=80"}],"version-history":[{"count":2,"href":"https:\/\/brant.academy\/index.php\/wp-json\/wp\/v2\/pages\/80\/revisions"}],"predecessor-version":[{"id":121,"href":"https:\/\/brant.academy\/index.php\/wp-json\/wp\/v2\/pages\/80\/revisions\/121"}],"wp:attachment":[{"href":"https:\/\/brant.academy\/index.php\/wp-json\/wp\/v2\/media?parent=80"}],"curies":[{"name":"wp","href":"https:\/\/api.w.org\/{rel}","templated":true}]}}